{"id":6,"date":"2026-04-11T09:51:53","date_gmt":"2026-04-11T09:51:53","guid":{"rendered":"http:\/\/dentave.pt\/elementor\/?page_id=6"},"modified":"2026-05-03T20:20:21","modified_gmt":"2026-05-03T20:20:21","slug":"inicio","status":"publish","type":"page","link":"https:\/\/dentave.pt\/","title":{"rendered":"IN\u00cdCIO"},"content":{"rendered":"\t\t<div data-elementor-type=\"wp-page\" data-elementor-id=\"6\" class=\"elementor elementor-6\">\n\t\t\t\t\t\t<section class=\"elementor-section elementor-top-section elementor-element elementor-element-824b61b elementor-section-boxed elementor-section-height-default elementor-section-height-default\" data-id=\"824b61b\" data-element_type=\"section\" data-e-type=\"section\">\n\t\t\t\t\t\t<div class=\"elementor-container elementor-column-gap-default\">\n\t\t\t\t\t<div class=\"elementor-column elementor-col-50 elementor-top-column elementor-element elementor-element-8b110e5\" data-id=\"8b110e5\" data-element_type=\"column\" data-e-type=\"column\">\n\t\t\t<div class=\"elementor-widget-wrap elementor-element-populated\">\n\t\t\t\t\t\t<div class=\"elementor-element elementor-element-9230778 elementor-widget elementor-widget-image\" data-id=\"9230778\" data-element_type=\"widget\" data-e-type=\"widget\" data-widget_type=\"image.default\">\n\t\t\t\t<div class=\"elementor-widget-container\">\n\t\t\t\t\t\t\t\t\t\t\t\t\t\t\t<img fetchpriority=\"high\" decoding=\"async\" width=\"318\" height=\"320\" src=\"https:\/\/dentave.pt\/wp-content\/uploads\/2023\/04\/dentave-clinica-dentaria-de-aveiro.png\" class=\"attachment-large size-large wp-image-13\" alt=\"NUOVA AVEIRO HARMONIZA\u00c7\u00c2O FACIAL DENTISTA\" srcset=\"https:\/\/dentave.pt\/wp-content\/uploads\/2023\/04\/dentave-clinica-dentaria-de-aveiro-150x150.png 150w, https:\/\/dentave.pt\/wp-content\/uploads\/2023\/04\/dentave-clinica-dentaria-de-aveiro-298x300.png 298w, https:\/\/dentave.pt\/wp-content\/uploads\/2023\/04\/dentave-clinica-dentaria-de-aveiro.png 318w\" sizes=\"(max-width: 318px) 100vw, 318px\" \/>\t\t\t\t\t\t\t\t\t\t\t\t\t\t\t<\/div>\n\t\t\t\t<\/div>\n\t\t\t\t\t<\/div>\n\t\t<\/div>\n\t\t\t\t<div class=\"elementor-column elementor-col-50 elementor-top-column elementor-element elementor-element-4ae590a\" data-id=\"4ae590a\" data-element_type=\"column\" data-e-type=\"column\">\n\t\t\t<div class=\"elementor-widget-wrap elementor-element-populated\">\n\t\t\t\t\t\t<div class=\"elementor-element elementor-element-89523e7 elementor-widget elementor-widget-text-editor\" data-id=\"89523e7\" data-element_type=\"widget\" data-e-type=\"widget\" data-widget_type=\"text-editor.default\">\n\t\t\t\t<div class=\"elementor-widget-container\">\n\t\t\t\t\t\t\t\t\t<p style=\"text-align: justify;\">NUOVA &#8211; Dental &amp; Aesthetics \u00e9 a nova designa\u00e7\u00e3o da DENTAVE! Somos uma cl\u00ednica de Medicina Dent\u00e1ria e Harmoniza\u00e7\u00e3o Facial de refer\u00eancia em Aveiro, com mais de 40 anos, dirigida aos pacientes que procuram tratamentos de alta qualidade num ambiente de conforto. <br \/>Dispomos de uma equipa multidisciplinar e de equipamentos que nos permitem realizar todo o tipo de procedimentos com foco em Implantologia, Harmoniza\u00e7\u00e3o Facial, Ortodontia e Odontopediatria.\u00a0<br \/><br \/>Na NUOVA, n\u00e3o tratamos dentes! Tratamos Pacientes, os seus Sorrisos e a sua Sa\u00fade\u2026<\/p>\t\t\t\t\t\t\t\t<\/div>\n\t\t\t\t<\/div>\n\t\t\t\t\t<\/div>\n\t\t<\/div>\n\t\t\t\t\t<\/div>\n\t\t<\/section>\n\t\t\t\t<section class=\"elementor-section elementor-top-section elementor-element elementor-element-a7cb934 elementor-section-boxed elementor-section-height-default elementor-section-height-default\" data-id=\"a7cb934\" data-element_type=\"section\" data-e-type=\"section\">\n\t\t\t\t\t\t<div class=\"elementor-container elementor-column-gap-default\">\n\t\t\t\t\t<div class=\"elementor-column elementor-col-100 elementor-top-column elementor-element elementor-element-e49e10c\" data-id=\"e49e10c\" data-element_type=\"column\" data-e-type=\"column\">\n\t\t\t<div class=\"elementor-widget-wrap\">\n\t\t\t\t\t\t\t<\/div>\n\t\t<\/div>\n\t\t\t\t\t<\/div>\n\t\t<\/section>\n\t\t\t\t<section class=\"elementor-section elementor-top-section elementor-element elementor-element-9dddcd5 elementor-section-boxed elementor-section-height-default elementor-section-height-default\" data-id=\"9dddcd5\" data-element_type=\"section\" data-e-type=\"section\">\n\t\t\t\t\t\t<div class=\"elementor-container elementor-column-gap-default\">\n\t\t\t\t\t<div class=\"elementor-column elementor-col-100 elementor-top-column elementor-element elementor-element-c9a1923\" data-id=\"c9a1923\" data-element_type=\"column\" data-e-type=\"column\">\n\t\t\t<div class=\"elementor-widget-wrap elementor-element-populated\">\n\t\t\t\t\t\t<div class=\"elementor-element elementor-element-2f88303 elementor-widget elementor-widget-text-editor\" data-id=\"2f88303\" data-element_type=\"widget\" data-e-type=\"widget\" data-widget_type=\"text-editor.default\">\n\t\t\t\t<div class=\"elementor-widget-container\">\n\t\t\t\t\t\t\t\t\t<p style=\"text-align: center;\">Registo na ERS E175001 &#8211; Licen\u00e7a de Funcionamento 25150\/2024 &#8211; <a href=\"https:\/\/www.livroreclamacoes.pt\/Inicio\/\" target=\"_blank\" rel=\"noopener\">Livro de Reclama\u00e7\u00f5es Eletr\u00f3nico<\/a><\/p>\t\t\t\t\t\t\t\t<\/div>\n\t\t\t\t<\/div>\n\t\t\t\t<div class=\"elementor-element elementor-element-0a84aea elementor-widget elementor-widget-spacer\" data-id=\"0a84aea\" data-element_type=\"widget\" data-e-type=\"widget\" data-widget_type=\"spacer.default\">\n\t\t\t\t<div class=\"elementor-widget-container\">\n\t\t\t\t\t\t\t<div class=\"elementor-spacer\">\n\t\t\t<div class=\"elementor-spacer-inner\"><\/div>\n\t\t<\/div>\n\t\t\t\t\t\t<\/div>\n\t\t\t\t<\/div>\n\t\t\t\t\t<\/div>\n\t\t<\/div>\n\t\t\t\t\t<\/div>\n\t\t<\/section>\n\t\t\t\t<\/div>\n\t\t","protected":false},"excerpt":{"rendered":"<p>NUOVA &#8211; Dental &amp; Aesthetics \u00e9 a nova designa\u00e7\u00e3o da DENTAVE! Somos uma cl\u00ednica de Medicina Dent\u00e1ria e Harmoniza\u00e7\u00e3o Facial de refer\u00eancia em Aveiro, com mais de 40 anos, dirigida aos pacientes que procuram tratamentos de alta qualidade num ambiente de conforto. Dispomos de uma equipa multidisciplinar e de equipamentos que nos permitem realizar todo [&#8230;]<\/p>\n","protected":false},"author":1,"featured_media":0,"parent":0,"menu_order":0,"comment_status":"closed","ping_status":"closed","template":"elementor_theme","meta":{"inline_featured_image":false,"footnotes":""},"class_list":["post-6","page","type-page","status-publish","hentry"],"_links":{"self":[{"href":"https:\/\/dentave.pt\/index.php\/wp-json\/wp\/v2\/pages\/6","targetHints":{"allow":["GET"]}}],"collection":[{"href":"https:\/\/dentave.pt\/index.php\/wp-json\/wp\/v2\/pages"}],"about":[{"href":"https:\/\/dentave.pt\/index.php\/wp-json\/wp\/v2\/types\/page"}],"author":[{"embeddable":true,"href":"https:\/\/dentave.pt\/index.php\/wp-json\/wp\/v2\/users\/1"}],"replies":[{"embeddable":true,"href":"https:\/\/dentave.pt\/index.php\/wp-json\/wp\/v2\/comments?post=6"}],"version-history":[{"count":15,"href":"https:\/\/dentave.pt\/index.php\/wp-json\/wp\/v2\/pages\/6\/revisions"}],"predecessor-version":[{"id":698,"href":"https:\/\/dentave.pt\/index.php\/wp-json\/wp\/v2\/pages\/6\/revisions\/698"}],"wp:attachment":[{"href":"https:\/\/dentave.pt\/index.php\/wp-json\/wp\/v2\/media?parent=6"}],"curies":[{"name":"wp","href":"https:\/\/api.w.org\/{rel}","templated":true}]}}