{"id":120,"date":"2026-04-13T09:39:19","date_gmt":"2026-04-13T09:39:19","guid":{"rendered":"http:\/\/dentave.pt\/elementor\/?page_id=120"},"modified":"2026-04-24T22:02:45","modified_gmt":"2026-04-24T22:02:45","slug":"contactos","status":"publish","type":"page","link":"https:\/\/dentave.pt\/index.php\/contactos\/","title":{"rendered":"CONTACTOS"},"content":{"rendered":"\t\t<div data-elementor-type=\"wp-page\" data-elementor-id=\"120\" class=\"elementor elementor-120\">\n\t\t\t\t\t\t<section class=\"elementor-section elementor-top-section elementor-element elementor-element-2ebe01f elementor-section-boxed elementor-section-height-default elementor-section-height-default\" data-id=\"2ebe01f\" data-element_type=\"section\" data-e-type=\"section\">\n\t\t\t\t\t\t<div class=\"elementor-container elementor-column-gap-default\">\n\t\t\t\t\t<div class=\"elementor-column elementor-col-100 elementor-top-column elementor-element elementor-element-586371e\" data-id=\"586371e\" data-element_type=\"column\" data-e-type=\"column\">\n\t\t\t<div class=\"elementor-widget-wrap elementor-element-populated\">\n\t\t\t\t\t\t<section class=\"elementor-section elementor-inner-section elementor-element elementor-element-9cff591 elementor-section-boxed elementor-section-height-default elementor-section-height-default\" data-id=\"9cff591\" data-element_type=\"section\" data-e-type=\"section\">\n\t\t\t\t\t\t<div class=\"elementor-container elementor-column-gap-default\">\n\t\t\t\t\t<div class=\"elementor-column elementor-col-50 elementor-inner-column elementor-element elementor-element-d358140\" data-id=\"d358140\" data-element_type=\"column\" data-e-type=\"column\">\n\t\t\t<div class=\"elementor-widget-wrap elementor-element-populated\">\n\t\t\t\t\t\t<div class=\"elementor-element elementor-element-82b740b elementor-widget elementor-widget-text-editor\" data-id=\"82b740b\" data-element_type=\"widget\" data-e-type=\"widget\" data-widget_type=\"text-editor.default\">\n\t\t\t\t<div class=\"elementor-widget-container\">\n\t\t\t\t\t\t\t\t\t<div style=\"text-transform: none;\"><p><strong><span style=\"color: #2f9c9c; size: 14px; font-size: 18pt;\">NUOVA &#8211; DENTAL &amp; AESTHETICS<br \/><\/span><\/strong><span style=\"color: #7b7b7b;\">Av. 25 de Abril, n\u00ba 28, 1\u00ba Andar <br \/>3810-197 Aveiro <br \/><\/span><\/p><p><strong><span style=\"color: #379592;\">CONTACTOS:<br \/><\/span><\/strong><a href=\"tel:234421703\"><span style=\"color: #7b7b7b;\">234 421 703<\/span><\/a><em><span style=\"color: #7b7b7b;\"> (chamada para rede fixa nacional)<br \/><\/span><\/em><a href=\"tel:916011007\"><span style=\"color: #7b7b7b;\">916 011 007<\/span><\/a><span style=\"color: #7b7b7b;\"> <em>(chamada para rede m\u00f3vel nacional)<br \/><\/em><\/span><span style=\"color: #7b7b7b;\">Email: <\/span><a href=\"mailto:info@nuova.pt\" target=\"_blank\" rel=\"noopener\">info@nuova.pt<\/a><a href=\"mailto:info@dentave.pt\"><span style=\"color: #7b7b7b;\"><br \/><\/span><\/a><span style=\"color: #7b7b7b;\">WhatsApp: <\/span><a href=\"https:\/\/wa.me\/351916011007\" target=\"_blank\" rel=\"noopener\">Iniciar App<\/a><a href=\"https:\/\/wa.me\/351916011007\" target=\"_blank\" rel=\"noopener\"><br \/><\/a><span style=\"color: #379592;\"><strong><br \/>GPS:<br \/><\/strong><\/span><a href=\"https:\/\/goo.gl\/maps\/W86DeG6D9nRMqHBTA\" target=\"_blank\" rel=\"noopener\"><img decoding=\"async\" src=\"https:\/\/dentave.pt\/wp-content\/uploads\/2023\/04\/Gmaps-66x66-1.png\" alt=\"Ir com GoogleMaps\" width=\"66\" height=\"66\" \/><\/a> <a href=\"https:\/\/ul.waze.com\/ul?preview_venue_id=230293910.-1992355872.2346765&amp;navigate=yes&amp;utm_campaign=default&amp;utm_source=waze_website&amp;utm_medium=lm_share_location\" target=\"_blank\" rel=\"noopener\"><img decoding=\"async\" src=\"https:\/\/dentave.pt\/wp-content\/uploads\/2023\/04\/Waze-66x66-1.png\" alt=\"Ir com Waze\" width=\"66\" height=\"66\" \/><\/a>\u00a0<\/p><p><span style=\"color: #379592;\"><strong>HOR\u00c1RIO:<br \/><\/strong><\/span><span style=\"color: #7b7b7b;\">Segunda a Sexta \u2013 9h \u00e0s 12:30h \/ 14h \u00e0s 19:30h<br \/>S\u00e1bado \u2013 9:30h \u00e0s 13h (por marca\u00e7\u00e3o)<br \/><\/span><\/p><\/div>\t\t\t\t\t\t\t\t<\/div>\n\t\t\t\t<\/div>\n\t\t\t\t\t<\/div>\n\t\t<\/div>\n\t\t\t\t<div class=\"elementor-column elementor-col-50 elementor-inner-column elementor-element elementor-element-f3dbc2e\" data-id=\"f3dbc2e\" data-element_type=\"column\" data-e-type=\"column\">\n\t\t\t<div class=\"elementor-widget-wrap elementor-element-populated\">\n\t\t\t\t\t\t<div class=\"elementor-element elementor-element-c1b22c4 elementor-widget elementor-widget-google_maps\" data-id=\"c1b22c4\" data-element_type=\"widget\" data-e-type=\"widget\" data-widget_type=\"google_maps.default\">\n\t\t\t\t<div class=\"elementor-widget-container\">\n\t\t\t\t\t\t\t<div class=\"elementor-custom-embed\">\n\t\t\t<iframe loading=\"lazy\"\n\t\t\t\t\tsrc=\"https:\/\/maps.google.com\/maps?q=Dentave&#038;t=m&#038;z=11&#038;output=embed&#038;iwloc=near\"\n\t\t\t\t\ttitle=\"Dentave\"\n\t\t\t\t\taria-label=\"Dentave\"\n\t\t\t><\/iframe>\n\t\t<\/div>\n\t\t\t\t\t\t<\/div>\n\t\t\t\t<\/div>\n\t\t\t\t\t<\/div>\n\t\t<\/div>\n\t\t\t\t\t<\/div>\n\t\t<\/section>\n\t\t\t\t\t<\/div>\n\t\t<\/div>\n\t\t\t\t\t<\/div>\n\t\t<\/section>\n\t\t\t\t<\/div>\n\t\t","protected":false},"excerpt":{"rendered":"<p>NUOVA &#8211; DENTAL &amp; AESTHETICS Av. 25 de Abril, n\u00ba 28, 1\u00ba Andar 3810-197 Aveiro CONTACTOS: 234 421 703 (chamada para rede fixa nacional) 916 011 007 (chamada para rede m\u00f3vel nacional) Email: info@nuova.pt WhatsApp: Iniciar App GPS: HOR\u00c1RIO: Segunda a Sexta \u2013 9h \u00e0s 12:30h \/ 14h \u00e0s 19:30h S\u00e1bado \u2013 9:30h \u00e0s 13h [&#8230;]<\/p>\n","protected":false},"author":1,"featured_media":0,"parent":0,"menu_order":0,"comment_status":"closed","ping_status":"closed","template":"","meta":{"inline_featured_image":false,"footnotes":""},"class_list":["post-120","page","type-page","status-publish","hentry"],"_links":{"self":[{"href":"https:\/\/dentave.pt\/index.php\/wp-json\/wp\/v2\/pages\/120","targetHints":{"allow":["GET"]}}],"collection":[{"href":"https:\/\/dentave.pt\/index.php\/wp-json\/wp\/v2\/pages"}],"about":[{"href":"https:\/\/dentave.pt\/index.php\/wp-json\/wp\/v2\/types\/page"}],"author":[{"embeddable":true,"href":"https:\/\/dentave.pt\/index.php\/wp-json\/wp\/v2\/users\/1"}],"replies":[{"embeddable":true,"href":"https:\/\/dentave.pt\/index.php\/wp-json\/wp\/v2\/comments?post=120"}],"version-history":[{"count":6,"href":"https:\/\/dentave.pt\/index.php\/wp-json\/wp\/v2\/pages\/120\/revisions"}],"predecessor-version":[{"id":677,"href":"https:\/\/dentave.pt\/index.php\/wp-json\/wp\/v2\/pages\/120\/revisions\/677"}],"wp:attachment":[{"href":"https:\/\/dentave.pt\/index.php\/wp-json\/wp\/v2\/media?parent=120"}],"curies":[{"name":"wp","href":"https:\/\/api.w.org\/{rel}","templated":true}]}}