{"id":115,"date":"2026-04-13T08:10:35","date_gmt":"2026-04-13T08:10:35","guid":{"rendered":"http:\/\/dentave.pt\/elementor\/?page_id=115"},"modified":"2026-04-24T22:18:35","modified_gmt":"2026-04-24T22:18:35","slug":"instalacoes","status":"publish","type":"page","link":"https:\/\/dentave.pt\/index.php\/instalacoes\/","title":{"rendered":"INSTALA\u00c7\u00d5ES"},"content":{"rendered":"\t\t<div data-elementor-type=\"wp-page\" data-elementor-id=\"115\" class=\"elementor elementor-115\">\n\t\t\t\t\t\t<section class=\"elementor-section elementor-top-section elementor-element elementor-element-1c6e77f elementor-section-boxed elementor-section-height-default elementor-section-height-default\" data-id=\"1c6e77f\" data-element_type=\"section\" data-e-type=\"section\">\n\t\t\t\t\t\t<div class=\"elementor-container elementor-column-gap-default\">\n\t\t\t\t\t<div class=\"elementor-column elementor-col-100 elementor-top-column elementor-element elementor-element-1cd0b0c\" data-id=\"1cd0b0c\" data-element_type=\"column\" data-e-type=\"column\">\n\t\t\t<div class=\"elementor-widget-wrap elementor-element-populated\">\n\t\t\t\t\t\t<div class=\"elementor-element elementor-element-689a6cd elementor-widget elementor-widget-text-editor\" data-id=\"689a6cd\" data-element_type=\"widget\" data-e-type=\"widget\" data-widget_type=\"text-editor.default\">\n\t\t\t\t<div class=\"elementor-widget-container\">\n\t\t\t\t\t\t\t\t\t<p><span style=\"color: #7b7b7b; font-size: 14pt;\">As nossas instala\u00e7\u00f5es foram concebidas a pensar na qualidade do servi\u00e7o que prestamos e no bem estar dos nossos pacientes:<\/span><\/p>\t\t\t\t\t\t\t\t<\/div>\n\t\t\t\t<\/div>\n\t\t\t\t\t<\/div>\n\t\t<\/div>\n\t\t\t\t\t<\/div>\n\t\t<\/section>\n\t\t\t\t<section class=\"elementor-section elementor-top-section elementor-element elementor-element-9dc2b24 elementor-section-content-middle elementor-section-boxed elementor-section-height-default elementor-section-height-default\" data-id=\"9dc2b24\" data-element_type=\"section\" data-e-type=\"section\">\n\t\t\t\t\t\t<div class=\"elementor-container elementor-column-gap-wider\">\n\t\t\t\t\t<div class=\"elementor-column elementor-col-100 elementor-top-column elementor-element elementor-element-4192835\" data-id=\"4192835\" data-element_type=\"column\" data-e-type=\"column\">\n\t\t\t<div class=\"elementor-widget-wrap elementor-element-populated\">\n\t\t\t\t\t\t<div class=\"elementor-element elementor-element-878716f elementor-invisible elementor-widget elementor-widget-image-gallery\" data-id=\"878716f\" data-element_type=\"widget\" data-e-type=\"widget\" data-settings=\"{&quot;_animation&quot;:&quot;zoomIn&quot;}\" data-widget_type=\"image-gallery.default\">\n\t\t\t\t<div class=\"elementor-widget-container\">\n\t\t\t\t\t\t\t<div class=\"elementor-image-gallery\">\n\t\t\t\n\t\t<style type=\"text\/css\">\n\t\t\t#gallery-1 {\n\t\t\t\tmargin: auto;\n\t\t\t}\n\t\t\t#gallery-1 .gallery-item {\n\t\t\t\tfloat: left;\n\t\t\t\tmargin-top: 10px;\n\t\t\t\ttext-align: center;\n\t\t\t\twidth: 33%;\n\t\t\t}\n\t\t\t#gallery-1 img {\n\t\t\t\tborder: 2px solid #cfcfcf;\n\t\t\t}\n\t\t\t#gallery-1 .gallery-caption {\n\t\t\t\tmargin-left: 0;\n\t\t\t}\n\t\t\t\/* see gallery_shortcode() in wp-includes\/media.php *\/\n\t\t<\/style>\n\t\t<div id='gallery-1' class='gallery galleryid-115 gallery-columns-3 gallery-size-blog-medium'><dl class='gallery-item'>\n\t\t\t<dt class='gallery-icon portrait'>\n\t\t\t\t<img fetchpriority=\"high\" decoding=\"async\" width=\"320\" height=\"202\" src=\"https:\/\/dentave.pt\/wp-content\/uploads\/2023\/04\/site_Entrada-320x202.jpg\" class=\"attachment-blog-medium size-blog-medium\" alt=\"\" \/>\n\t\t\t<\/dt><\/dl><dl class='gallery-item'>\n\t\t\t<dt class='gallery-icon portrait'>\n\t\t\t\t<img decoding=\"async\" width=\"320\" height=\"202\" src=\"https:\/\/dentave.pt\/wp-content\/uploads\/2023\/04\/site_Sala-de-Espera2-320x202.jpg\" class=\"attachment-blog-medium size-blog-medium\" alt=\"\" srcset=\"https:\/\/dentave.pt\/wp-content\/uploads\/2023\/04\/site_Sala-de-Espera2-320x202.jpg 320w, https:\/\/dentave.pt\/wp-content\/uploads\/2023\/04\/site_Sala-de-Espera2-700x441.jpg 700w\" sizes=\"(max-width: 320px) 100vw, 320px\" \/>\n\t\t\t<\/dt><\/dl><dl class='gallery-item'>\n\t\t\t<dt class='gallery-icon portrait'>\n\t\t\t\t<img decoding=\"async\" width=\"320\" height=\"202\" src=\"https:\/\/dentave.pt\/wp-content\/uploads\/2023\/04\/site_Recepcao-320x202.jpg\" class=\"attachment-blog-medium size-blog-medium\" alt=\"\" \/>\n\t\t\t<\/dt><\/dl><br style=\"clear: both\" \/><dl class='gallery-item'>\n\t\t\t<dt class='gallery-icon portrait'>\n\t\t\t\t<img loading=\"lazy\" decoding=\"async\" width=\"320\" height=\"202\" src=\"https:\/\/dentave.pt\/wp-content\/uploads\/2023\/04\/salaespera3-320x202.jpg\" class=\"attachment-blog-medium size-blog-medium\" alt=\"\" srcset=\"https:\/\/dentave.pt\/wp-content\/uploads\/2023\/04\/salaespera3-320x202.jpg 320w, https:\/\/dentave.pt\/wp-content\/uploads\/2023\/04\/salaespera3-700x441.jpg 700w\" sizes=\"(max-width: 320px) 100vw, 320px\" \/>\n\t\t\t<\/dt><\/dl><dl class='gallery-item'>\n\t\t\t<dt class='gallery-icon portrait'>\n\t\t\t\t<img loading=\"lazy\" decoding=\"async\" width=\"320\" height=\"202\" src=\"https:\/\/dentave.pt\/wp-content\/uploads\/2023\/04\/site_cons1-320x202.jpg\" class=\"attachment-blog-medium size-blog-medium\" alt=\"\" srcset=\"https:\/\/dentave.pt\/wp-content\/uploads\/2023\/04\/site_cons1-320x202.jpg 320w, https:\/\/dentave.pt\/wp-content\/uploads\/2023\/04\/site_cons1-700x441.jpg 700w\" sizes=\"(max-width: 320px) 100vw, 320px\" \/>\n\t\t\t<\/dt><\/dl><dl class='gallery-item'>\n\t\t\t<dt class='gallery-icon landscape'>\n\t\t\t\t<img loading=\"lazy\" decoding=\"async\" width=\"320\" height=\"202\" src=\"https:\/\/dentave.pt\/wp-content\/uploads\/2023\/04\/site_Sala-de-Espera-320x202.jpg\" class=\"attachment-blog-medium size-blog-medium\" alt=\"\" srcset=\"https:\/\/dentave.pt\/wp-content\/uploads\/2023\/04\/site_Sala-de-Espera-320x202.jpg 320w, https:\/\/dentave.pt\/wp-content\/uploads\/2023\/04\/site_Sala-de-Espera-700x441.jpg 700w\" sizes=\"(max-width: 320px) 100vw, 320px\" \/>\n\t\t\t<\/dt><\/dl><br style=\"clear: both\" \/><dl class='gallery-item'>\n\t\t\t<dt class='gallery-icon portrait'>\n\t\t\t\t<img loading=\"lazy\" decoding=\"async\" width=\"320\" height=\"202\" src=\"https:\/\/dentave.pt\/wp-content\/uploads\/2023\/04\/site_Acesso-aos-Consultorios-320x202.jpg\" class=\"attachment-blog-medium size-blog-medium\" alt=\"\" \/>\n\t\t\t<\/dt><\/dl><dl class='gallery-item'>\n\t\t\t<dt class='gallery-icon landscape'>\n\t\t\t\t<img loading=\"lazy\" decoding=\"async\" width=\"320\" height=\"202\" src=\"https:\/\/dentave.pt\/wp-content\/uploads\/2023\/04\/site_consultorio-320x202.jpg\" class=\"attachment-blog-medium size-blog-medium\" alt=\"\" srcset=\"https:\/\/dentave.pt\/wp-content\/uploads\/2023\/04\/site_consultorio-320x202.jpg 320w, https:\/\/dentave.pt\/wp-content\/uploads\/2023\/04\/site_consultorio-700x441.jpg 700w\" sizes=\"(max-width: 320px) 100vw, 320px\" \/>\n\t\t\t<\/dt><\/dl><dl class='gallery-item'>\n\t\t\t<dt class='gallery-icon portrait'>\n\t\t\t\t<img loading=\"lazy\" decoding=\"async\" width=\"320\" height=\"202\" src=\"https:\/\/dentave.pt\/wp-content\/uploads\/2023\/04\/Owandy_IMaxTouch_Ceph-320x202.png\" class=\"attachment-blog-medium size-blog-medium\" alt=\"\" srcset=\"https:\/\/dentave.pt\/wp-content\/uploads\/2023\/04\/Owandy_IMaxTouch_Ceph-320x202.png 320w, https:\/\/dentave.pt\/wp-content\/uploads\/2023\/04\/Owandy_IMaxTouch_Ceph-700x441.png 700w\" sizes=\"(max-width: 320px) 100vw, 320px\" \/>\n\t\t\t<\/dt><\/dl><br style=\"clear: both\" \/><dl class='gallery-item'>\n\t\t\t<dt class='gallery-icon landscape'>\n\t\t\t\t<img loading=\"lazy\" decoding=\"async\" width=\"320\" height=\"202\" src=\"https:\/\/dentave.pt\/wp-content\/uploads\/2023\/04\/castellini_autosteril-320x202.jpg\" class=\"attachment-blog-medium size-blog-medium\" alt=\"\" srcset=\"https:\/\/dentave.pt\/wp-content\/uploads\/2023\/04\/castellini_autosteril-320x202.jpg 320w, https:\/\/dentave.pt\/wp-content\/uploads\/2023\/04\/castellini_autosteril-700x441.jpg 700w\" sizes=\"(max-width: 320px) 100vw, 320px\" \/>\n\t\t\t<\/dt><\/dl><dl class='gallery-item'>\n\t\t\t<dt class='gallery-icon landscape'>\n\t\t\t\t<img loading=\"lazy\" decoding=\"async\" width=\"320\" height=\"202\" src=\"https:\/\/dentave.pt\/wp-content\/uploads\/2023\/04\/free-wi-fi-320x202.jpg\" class=\"attachment-blog-medium size-blog-medium\" alt=\"\" srcset=\"https:\/\/dentave.pt\/wp-content\/uploads\/2023\/04\/free-wi-fi-320x202.jpg 320w, https:\/\/dentave.pt\/wp-content\/uploads\/2023\/04\/free-wi-fi-700x441.jpg 700w\" sizes=\"(max-width: 320px) 100vw, 320px\" \/>\n\t\t\t<\/dt><\/dl>\n\t\t\t<br style='clear: both' \/>\n\t\t<\/div>\n\t\t<\/div>\n\t\t\t\t\t\t<\/div>\n\t\t\t\t<\/div>\n\t\t\t\t\t<\/div>\n\t\t<\/div>\n\t\t\t\t\t<\/div>\n\t\t<\/section>\n\t\t\t\t<\/div>\n\t\t","protected":false},"excerpt":{"rendered":"<p>As nossas instala\u00e7\u00f5es foram concebidas a pensar na qualidade do servi\u00e7o que prestamos e no bem estar dos nossos pacientes: &nbsp; &nbsp; &nbsp; &nbsp;<\/p>\n","protected":false},"author":1,"featured_media":0,"parent":0,"menu_order":0,"comment_status":"closed","ping_status":"closed","template":"","meta":{"inline_featured_image":false,"footnotes":""},"class_list":["post-115","page","type-page","status-publish","hentry"],"_links":{"self":[{"href":"https:\/\/dentave.pt\/index.php\/wp-json\/wp\/v2\/pages\/115","targetHints":{"allow":["GET"]}}],"collection":[{"href":"https:\/\/dentave.pt\/index.php\/wp-json\/wp\/v2\/pages"}],"about":[{"href":"https:\/\/dentave.pt\/index.php\/wp-json\/wp\/v2\/types\/page"}],"author":[{"embeddable":true,"href":"https:\/\/dentave.pt\/index.php\/wp-json\/wp\/v2\/users\/1"}],"replies":[{"embeddable":true,"href":"https:\/\/dentave.pt\/index.php\/wp-json\/wp\/v2\/comments?post=115"}],"version-history":[{"count":6,"href":"https:\/\/dentave.pt\/index.php\/wp-json\/wp\/v2\/pages\/115\/revisions"}],"predecessor-version":[{"id":681,"href":"https:\/\/dentave.pt\/index.php\/wp-json\/wp\/v2\/pages\/115\/revisions\/681"}],"wp:attachment":[{"href":"https:\/\/dentave.pt\/index.php\/wp-json\/wp\/v2\/media?parent=115"}],"curies":[{"name":"wp","href":"https:\/\/api.w.org\/{rel}","templated":true}]}}