{"id":106,"date":"2024-04-13T08:05:11","date_gmt":"2024-04-13T08:05:11","guid":{"rendered":"http:\/\/dentave.pt\/elementor\/?page_id=106"},"modified":"2024-04-17T23:47:13","modified_gmt":"2024-04-17T23:47:13","slug":"equipa","status":"publish","type":"page","link":"https:\/\/dentave.pt\/index.php\/equipa\/","title":{"rendered":"EQUIPA"},"content":{"rendered":"\t\t<div data-elementor-type=\"wp-page\" data-elementor-id=\"106\" class=\"elementor elementor-106\">\n\t\t\t\t\t\t<section class=\"elementor-section elementor-top-section elementor-element elementor-element-b35675d elementor-section-boxed elementor-section-height-default elementor-section-height-default\" data-id=\"b35675d\" data-element_type=\"section\">\n\t\t\t\t\t\t<div class=\"elementor-container elementor-column-gap-narrow\">\n\t\t\t\t\t<div class=\"elementor-column elementor-col-100 elementor-top-column elementor-element elementor-element-c8da3e9\" data-id=\"c8da3e9\" data-element_type=\"column\">\n\t\t\t<div class=\"elementor-widget-wrap elementor-element-populated\">\n\t\t\t\t\t\t<section class=\"elementor-section elementor-inner-section elementor-element elementor-element-48928e5 elementor-section-boxed elementor-section-height-default elementor-section-height-default\" data-id=\"48928e5\" data-element_type=\"section\">\n\t\t\t\t\t\t<div class=\"elementor-container elementor-column-gap-default\">\n\t\t\t\t\t<div class=\"elementor-column elementor-col-50 elementor-inner-column elementor-element elementor-element-d6924e8\" data-id=\"d6924e8\" data-element_type=\"column\">\n\t\t\t<div class=\"elementor-widget-wrap elementor-element-populated\">\n\t\t\t\t\t\t<div class=\"elementor-element elementor-element-8553e3c elementor-widget elementor-widget-image\" data-id=\"8553e3c\" data-element_type=\"widget\" data-widget_type=\"image.default\">\n\t\t\t\t<div class=\"elementor-widget-container\">\n\t\t\t\t\t\t\t\t\t\t\t\t\t\t\t<img fetchpriority=\"high\" decoding=\"async\" width=\"300\" height=\"300\" src=\"https:\/\/dentave.pt\/wp-content\/uploads\/2023\/04\/juliana_losacco.png\" class=\"attachment-medium size-medium wp-image-136\" alt=\"\" srcset=\"https:\/\/dentave.pt\/wp-content\/uploads\/2023\/04\/juliana_losacco-66x66.png 66w, https:\/\/dentave.pt\/wp-content\/uploads\/2023\/04\/juliana_losacco-150x150.png 150w, https:\/\/dentave.pt\/wp-content\/uploads\/2023\/04\/juliana_losacco-200x200.png 200w, https:\/\/dentave.pt\/wp-content\/uploads\/2023\/04\/juliana_losacco.png 300w\" sizes=\"(max-width: 300px) 100vw, 300px\" \/>\t\t\t\t\t\t\t\t\t\t\t\t\t\t\t<\/div>\n\t\t\t\t<\/div>\n\t\t\t\t\t<\/div>\n\t\t<\/div>\n\t\t\t\t<div class=\"elementor-column elementor-col-50 elementor-inner-column elementor-element elementor-element-70b4da4\" data-id=\"70b4da4\" data-element_type=\"column\">\n\t\t\t<div class=\"elementor-widget-wrap elementor-element-populated\">\n\t\t\t\t\t\t<div class=\"elementor-element elementor-element-c6bf6c7 elementor-widget elementor-widget-text-editor\" data-id=\"c6bf6c7\" data-element_type=\"widget\" data-widget_type=\"text-editor.default\">\n\t\t\t\t<div class=\"elementor-widget-container\">\n\t\t\t\t\t\t\t\t\t<h2 class=\"fusion-responsive-typography-calculated\" style=\"--fontsize: 46; line-height: 1.25;\" data-fontsize=\"46\" data-lineheight=\"57.5px\"><strong><span style=\"color: #379592;\">DRA JULIANA LOSACCO<\/span><\/strong><\/h2><p><span style=\"color: #7b7b7b;\">Directora Cl\u00ednica<\/span><br \/><span style=\"color: #7b7b7b;\"> Lic. em Medicina Dent\u00e1ria pela FMDUP<\/span><br \/><span style=\"color: #7b7b7b;\"> P\u00f3s-Graduada em Ortodontia<br \/>Membro Associa\u00e7\u00e3o Portuguesa de Harmoniza\u00e7\u00e3o e Terap\u00eautica Orofacial<\/span><\/p>\t\t\t\t\t\t\t\t<\/div>\n\t\t\t\t<\/div>\n\t\t\t\t\t<\/div>\n\t\t<\/div>\n\t\t\t\t\t<\/div>\n\t\t<\/section>\n\t\t\t\t\t<\/div>\n\t\t<\/div>\n\t\t\t\t\t<\/div>\n\t\t<\/section>\n\t\t\t\t<section class=\"elementor-section elementor-top-section elementor-element elementor-element-dc361a8 elementor-section-boxed elementor-section-height-default elementor-section-height-default\" data-id=\"dc361a8\" data-element_type=\"section\">\n\t\t\t\t\t\t<div class=\"elementor-container elementor-column-gap-default\">\n\t\t\t\t\t<div class=\"elementor-column elementor-col-100 elementor-top-column elementor-element elementor-element-fdaa37e\" data-id=\"fdaa37e\" data-element_type=\"column\">\n\t\t\t<div class=\"elementor-widget-wrap elementor-element-populated\">\n\t\t\t\t\t\t<section class=\"elementor-section elementor-inner-section elementor-element elementor-element-c40a4e0 elementor-section-boxed elementor-section-height-default elementor-section-height-default\" data-id=\"c40a4e0\" data-element_type=\"section\">\n\t\t\t\t\t\t<div class=\"elementor-container elementor-column-gap-default\">\n\t\t\t\t\t<div class=\"elementor-column elementor-col-50 elementor-inner-column elementor-element elementor-element-ce5a4b4\" data-id=\"ce5a4b4\" data-element_type=\"column\">\n\t\t\t<div class=\"elementor-widget-wrap elementor-element-populated\">\n\t\t\t\t\t\t<div class=\"elementor-element elementor-element-69f27e7 elementor-widget elementor-widget-image\" data-id=\"69f27e7\" data-element_type=\"widget\" data-widget_type=\"image.default\">\n\t\t\t\t<div class=\"elementor-widget-container\">\n\t\t\t\t\t\t\t\t\t\t\t\t\t\t\t<img decoding=\"async\" width=\"300\" height=\"300\" src=\"https:\/\/dentave.pt\/wp-content\/uploads\/2023\/04\/Hugo_moreira.png\" class=\"attachment-medium size-medium wp-image-135\" alt=\"\" srcset=\"https:\/\/dentave.pt\/wp-content\/uploads\/2023\/04\/Hugo_moreira-66x66.png 66w, https:\/\/dentave.pt\/wp-content\/uploads\/2023\/04\/Hugo_moreira-150x150.png 150w, https:\/\/dentave.pt\/wp-content\/uploads\/2023\/04\/Hugo_moreira-200x200.png 200w, https:\/\/dentave.pt\/wp-content\/uploads\/2023\/04\/Hugo_moreira.png 300w\" sizes=\"(max-width: 300px) 100vw, 300px\" \/>\t\t\t\t\t\t\t\t\t\t\t\t\t\t\t<\/div>\n\t\t\t\t<\/div>\n\t\t\t\t\t<\/div>\n\t\t<\/div>\n\t\t\t\t<div class=\"elementor-column elementor-col-50 elementor-inner-column elementor-element elementor-element-62c96f7\" data-id=\"62c96f7\" data-element_type=\"column\">\n\t\t\t<div class=\"elementor-widget-wrap elementor-element-populated\">\n\t\t\t\t\t\t<div class=\"elementor-element elementor-element-40f4358 elementor-widget elementor-widget-text-editor\" data-id=\"40f4358\" data-element_type=\"widget\" data-widget_type=\"text-editor.default\">\n\t\t\t\t<div class=\"elementor-widget-container\">\n\t\t\t\t\t\t\t\t\t<h2 class=\"fusion-responsive-typography-calculated\" style=\"--fontsize: 46; line-height: 1.25;\" data-fontsize=\"46\" data-lineheight=\"57.5px\"><strong><span style=\"color: #379592;\">DR HUGO MOREIRA<\/span><\/strong><\/h2><p>M\u00e9dico Dentista<br \/>Lic. em Medicina Dent\u00e1ria pela FMDUP<br \/>Mestre em Reabilita\u00e7\u00e3o Oral pela FMDUP<\/p>\t\t\t\t\t\t\t\t<\/div>\n\t\t\t\t<\/div>\n\t\t\t\t\t<\/div>\n\t\t<\/div>\n\t\t\t\t\t<\/div>\n\t\t<\/section>\n\t\t\t\t\t<\/div>\n\t\t<\/div>\n\t\t\t\t\t<\/div>\n\t\t<\/section>\n\t\t\t\t<section class=\"elementor-section elementor-top-section elementor-element elementor-element-0b3c067 elementor-section-boxed elementor-section-height-default elementor-section-height-default\" data-id=\"0b3c067\" data-element_type=\"section\">\n\t\t\t\t\t\t<div class=\"elementor-container elementor-column-gap-default\">\n\t\t\t\t\t<div class=\"elementor-column elementor-col-100 elementor-top-column elementor-element elementor-element-3a7af26\" data-id=\"3a7af26\" data-element_type=\"column\">\n\t\t\t<div class=\"elementor-widget-wrap elementor-element-populated\">\n\t\t\t\t\t\t<section class=\"elementor-section elementor-inner-section elementor-element elementor-element-c97b563 elementor-section-boxed elementor-section-height-default elementor-section-height-default\" data-id=\"c97b563\" data-element_type=\"section\">\n\t\t\t\t\t\t<div class=\"elementor-container elementor-column-gap-default\">\n\t\t\t\t\t<div class=\"elementor-column elementor-col-50 elementor-inner-column elementor-element elementor-element-651c0f7\" data-id=\"651c0f7\" data-element_type=\"column\">\n\t\t\t<div class=\"elementor-widget-wrap elementor-element-populated\">\n\t\t\t\t\t\t<div class=\"elementor-element elementor-element-c3b6d8b elementor-widget elementor-widget-image\" data-id=\"c3b6d8b\" data-element_type=\"widget\" data-widget_type=\"image.default\">\n\t\t\t\t<div class=\"elementor-widget-container\">\n\t\t\t\t\t\t\t\t\t\t\t\t\t\t\t<img decoding=\"async\" width=\"300\" height=\"300\" src=\"https:\/\/dentave.pt\/wp-content\/uploads\/2023\/04\/Adriana_Domingues.jpg\" class=\"attachment-medium size-medium wp-image-133\" alt=\"\" srcset=\"https:\/\/dentave.pt\/wp-content\/uploads\/2023\/04\/Adriana_Domingues-66x66.jpg 66w, https:\/\/dentave.pt\/wp-content\/uploads\/2023\/04\/Adriana_Domingues-150x150.jpg 150w, https:\/\/dentave.pt\/wp-content\/uploads\/2023\/04\/Adriana_Domingues-200x200.jpg 200w, https:\/\/dentave.pt\/wp-content\/uploads\/2023\/04\/Adriana_Domingues.jpg 300w\" sizes=\"(max-width: 300px) 100vw, 300px\" \/>\t\t\t\t\t\t\t\t\t\t\t\t\t\t\t<\/div>\n\t\t\t\t<\/div>\n\t\t\t\t\t<\/div>\n\t\t<\/div>\n\t\t\t\t<div class=\"elementor-column elementor-col-50 elementor-inner-column elementor-element elementor-element-24420e2\" data-id=\"24420e2\" data-element_type=\"column\">\n\t\t\t<div class=\"elementor-widget-wrap elementor-element-populated\">\n\t\t\t\t\t\t<div class=\"elementor-element elementor-element-be3fdf0 elementor-widget elementor-widget-text-editor\" data-id=\"be3fdf0\" data-element_type=\"widget\" data-widget_type=\"text-editor.default\">\n\t\t\t\t<div class=\"elementor-widget-container\">\n\t\t\t\t\t\t\t\t\t<h2 class=\"fusion-responsive-typography-calculated\" style=\"--fontsize: 46; line-height: 1.25;\" data-fontsize=\"46\" data-lineheight=\"57.5px\"><strong><span style=\"color: #379592;\">DRA ADRIANA DOMINGUES<\/span><\/strong><\/h2><p>M\u00e9dia Dentista<br \/>Lic. em Medicina Dent\u00e1ria pela UFP<\/p>\t\t\t\t\t\t\t\t<\/div>\n\t\t\t\t<\/div>\n\t\t\t\t\t<\/div>\n\t\t<\/div>\n\t\t\t\t\t<\/div>\n\t\t<\/section>\n\t\t\t\t\t<\/div>\n\t\t<\/div>\n\t\t\t\t\t<\/div>\n\t\t<\/section>\n\t\t\t\t<section class=\"elementor-section elementor-top-section elementor-element elementor-element-c275ede elementor-section-boxed elementor-section-height-default elementor-section-height-default\" data-id=\"c275ede\" data-element_type=\"section\">\n\t\t\t\t\t\t<div class=\"elementor-container elementor-column-gap-default\">\n\t\t\t\t\t<div class=\"elementor-column elementor-col-100 elementor-top-column elementor-element elementor-element-4524831\" data-id=\"4524831\" data-element_type=\"column\">\n\t\t\t<div class=\"elementor-widget-wrap elementor-element-populated\">\n\t\t\t\t\t\t<section class=\"elementor-section elementor-inner-section elementor-element elementor-element-473d9f7 elementor-section-boxed elementor-section-height-default elementor-section-height-default\" data-id=\"473d9f7\" data-element_type=\"section\">\n\t\t\t\t\t\t<div class=\"elementor-container elementor-column-gap-default\">\n\t\t\t\t\t<div class=\"elementor-column elementor-col-50 elementor-inner-column elementor-element elementor-element-6e8a3eb\" data-id=\"6e8a3eb\" data-element_type=\"column\">\n\t\t\t<div class=\"elementor-widget-wrap elementor-element-populated\">\n\t\t\t\t\t\t<div class=\"elementor-element elementor-element-6b9e6d8 elementor-widget elementor-widget-image\" data-id=\"6b9e6d8\" data-element_type=\"widget\" data-widget_type=\"image.default\">\n\t\t\t\t<div class=\"elementor-widget-container\">\n\t\t\t\t\t\t\t\t\t\t\t\t\t\t\t<img loading=\"lazy\" decoding=\"async\" width=\"300\" height=\"300\" src=\"https:\/\/dentave.pt\/wp-content\/uploads\/2023\/04\/Valeria_Losacco.png\" class=\"attachment-medium size-medium wp-image-138\" alt=\"\" srcset=\"https:\/\/dentave.pt\/wp-content\/uploads\/2023\/04\/Valeria_Losacco-66x66.png 66w, https:\/\/dentave.pt\/wp-content\/uploads\/2023\/04\/Valeria_Losacco-150x150.png 150w, https:\/\/dentave.pt\/wp-content\/uploads\/2023\/04\/Valeria_Losacco-200x200.png 200w, https:\/\/dentave.pt\/wp-content\/uploads\/2023\/04\/Valeria_Losacco.png 300w\" sizes=\"(max-width: 300px) 100vw, 300px\" \/>\t\t\t\t\t\t\t\t\t\t\t\t\t\t\t<\/div>\n\t\t\t\t<\/div>\n\t\t\t\t\t<\/div>\n\t\t<\/div>\n\t\t\t\t<div class=\"elementor-column elementor-col-50 elementor-inner-column elementor-element elementor-element-67dae47\" data-id=\"67dae47\" data-element_type=\"column\">\n\t\t\t<div class=\"elementor-widget-wrap elementor-element-populated\">\n\t\t\t\t\t\t<div class=\"elementor-element elementor-element-e420891 elementor-widget elementor-widget-text-editor\" data-id=\"e420891\" data-element_type=\"widget\" data-widget_type=\"text-editor.default\">\n\t\t\t\t<div class=\"elementor-widget-container\">\n\t\t\t\t\t\t\t\t\t<h2 class=\"fusion-responsive-typography-calculated\" style=\"--fontsize: 46; line-height: 1.25;\" data-fontsize=\"46\" data-lineheight=\"57.5px\"><strong><span style=\"color: #379592;\">VAL\u00c9RIA LOSACCO<\/span><\/strong><\/h2><p>Gerente<\/p>\t\t\t\t\t\t\t\t<\/div>\n\t\t\t\t<\/div>\n\t\t\t\t\t<\/div>\n\t\t<\/div>\n\t\t\t\t\t<\/div>\n\t\t<\/section>\n\t\t\t\t\t<\/div>\n\t\t<\/div>\n\t\t\t\t\t<\/div>\n\t\t<\/section>\n\t\t\t\t<section class=\"elementor-section elementor-top-section elementor-element elementor-element-53e8448 elementor-section-boxed elementor-section-height-default elementor-section-height-default\" data-id=\"53e8448\" data-element_type=\"section\">\n\t\t\t\t\t\t<div class=\"elementor-container elementor-column-gap-default\">\n\t\t\t\t\t<div class=\"elementor-column elementor-col-100 elementor-top-column elementor-element elementor-element-862a9ff\" data-id=\"862a9ff\" data-element_type=\"column\">\n\t\t\t<div class=\"elementor-widget-wrap elementor-element-populated\">\n\t\t\t\t\t\t<section class=\"elementor-section elementor-inner-section elementor-element elementor-element-935121a elementor-section-boxed elementor-section-height-default elementor-section-height-default\" data-id=\"935121a\" data-element_type=\"section\">\n\t\t\t\t\t\t<div class=\"elementor-container elementor-column-gap-default\">\n\t\t\t\t\t<div class=\"elementor-column elementor-col-50 elementor-inner-column elementor-element elementor-element-05b5c62\" data-id=\"05b5c62\" data-element_type=\"column\">\n\t\t\t<div class=\"elementor-widget-wrap elementor-element-populated\">\n\t\t\t\t\t\t<div class=\"elementor-element elementor-element-8550040 elementor-widget elementor-widget-image\" data-id=\"8550040\" data-element_type=\"widget\" data-widget_type=\"image.default\">\n\t\t\t\t<div class=\"elementor-widget-container\">\n\t\t\t\t\t\t\t\t\t\t\t\t\t\t\t<img loading=\"lazy\" decoding=\"async\" width=\"300\" height=\"300\" src=\"https:\/\/dentave.pt\/wp-content\/uploads\/2023\/04\/Paula_Pateira.jpg\" class=\"attachment-medium size-medium wp-image-137\" alt=\"\" srcset=\"https:\/\/dentave.pt\/wp-content\/uploads\/2023\/04\/Paula_Pateira-66x66.jpg 66w, https:\/\/dentave.pt\/wp-content\/uploads\/2023\/04\/Paula_Pateira-150x150.jpg 150w, https:\/\/dentave.pt\/wp-content\/uploads\/2023\/04\/Paula_Pateira-200x200.jpg 200w, https:\/\/dentave.pt\/wp-content\/uploads\/2023\/04\/Paula_Pateira.jpg 300w\" sizes=\"(max-width: 300px) 100vw, 300px\" \/>\t\t\t\t\t\t\t\t\t\t\t\t\t\t\t<\/div>\n\t\t\t\t<\/div>\n\t\t\t\t\t<\/div>\n\t\t<\/div>\n\t\t\t\t<div class=\"elementor-column elementor-col-50 elementor-inner-column elementor-element elementor-element-58e1f76\" data-id=\"58e1f76\" data-element_type=\"column\">\n\t\t\t<div class=\"elementor-widget-wrap elementor-element-populated\">\n\t\t\t\t\t\t<div class=\"elementor-element elementor-element-fcc9ce6 elementor-widget elementor-widget-text-editor\" data-id=\"fcc9ce6\" data-element_type=\"widget\" data-widget_type=\"text-editor.default\">\n\t\t\t\t<div class=\"elementor-widget-container\">\n\t\t\t\t\t\t\t\t\t<h2 class=\"fusion-responsive-typography-calculated\" style=\"--fontsize: 46; line-height: 1.25;\" data-fontsize=\"46\" data-lineheight=\"57.5px\"><strong><span style=\"color: #379592;\">PAULA PATEIRA<\/span><\/strong><\/h2><p>Assistente Dent\u00e1ria<\/p>\t\t\t\t\t\t\t\t<\/div>\n\t\t\t\t<\/div>\n\t\t\t\t\t<\/div>\n\t\t<\/div>\n\t\t\t\t\t<\/div>\n\t\t<\/section>\n\t\t\t\t\t<\/div>\n\t\t<\/div>\n\t\t\t\t\t<\/div>\n\t\t<\/section>\n\t\t\t\t<section class=\"elementor-section elementor-top-section elementor-element elementor-element-476316b elementor-section-boxed elementor-section-height-default elementor-section-height-default\" data-id=\"476316b\" data-element_type=\"section\">\n\t\t\t\t\t\t<div class=\"elementor-container elementor-column-gap-default\">\n\t\t\t\t\t<div class=\"elementor-column elementor-col-100 elementor-top-column elementor-element elementor-element-be8e209\" data-id=\"be8e209\" data-element_type=\"column\">\n\t\t\t<div class=\"elementor-widget-wrap elementor-element-populated\">\n\t\t\t\t\t\t<section class=\"elementor-section elementor-inner-section elementor-element elementor-element-348b79b elementor-section-boxed elementor-section-height-default elementor-section-height-default\" data-id=\"348b79b\" data-element_type=\"section\">\n\t\t\t\t\t\t<div class=\"elementor-container elementor-column-gap-default\">\n\t\t\t\t\t<div class=\"elementor-column elementor-col-50 elementor-inner-column elementor-element elementor-element-bf48b1e\" data-id=\"bf48b1e\" data-element_type=\"column\">\n\t\t\t<div class=\"elementor-widget-wrap elementor-element-populated\">\n\t\t\t\t\t\t<div class=\"elementor-element elementor-element-3002cc1 elementor-widget elementor-widget-image\" data-id=\"3002cc1\" data-element_type=\"widget\" data-widget_type=\"image.default\">\n\t\t\t\t<div class=\"elementor-widget-container\">\n\t\t\t\t\t\t\t\t\t\t\t\t\t\t\t<img loading=\"lazy\" decoding=\"async\" width=\"300\" height=\"300\" src=\"https:\/\/dentave.pt\/wp-content\/uploads\/2023\/04\/Anabela_Custodio.jpg\" class=\"attachment-medium size-medium wp-image-134\" alt=\"\" srcset=\"https:\/\/dentave.pt\/wp-content\/uploads\/2023\/04\/Anabela_Custodio-66x66.jpg 66w, https:\/\/dentave.pt\/wp-content\/uploads\/2023\/04\/Anabela_Custodio-150x150.jpg 150w, https:\/\/dentave.pt\/wp-content\/uploads\/2023\/04\/Anabela_Custodio-200x200.jpg 200w, https:\/\/dentave.pt\/wp-content\/uploads\/2023\/04\/Anabela_Custodio.jpg 300w\" sizes=\"(max-width: 300px) 100vw, 300px\" \/>\t\t\t\t\t\t\t\t\t\t\t\t\t\t\t<\/div>\n\t\t\t\t<\/div>\n\t\t\t\t\t<\/div>\n\t\t<\/div>\n\t\t\t\t<div class=\"elementor-column elementor-col-50 elementor-inner-column elementor-element elementor-element-5bd50a9\" data-id=\"5bd50a9\" data-element_type=\"column\">\n\t\t\t<div class=\"elementor-widget-wrap elementor-element-populated\">\n\t\t\t\t\t\t<div class=\"elementor-element elementor-element-25d8d45 elementor-widget elementor-widget-text-editor\" data-id=\"25d8d45\" data-element_type=\"widget\" data-widget_type=\"text-editor.default\">\n\t\t\t\t<div class=\"elementor-widget-container\">\n\t\t\t\t\t\t\t\t\t<h2 class=\"fusion-responsive-typography-calculated\" style=\"--fontsize: 46; line-height: 1.25;\" data-fontsize=\"46\" data-lineheight=\"57.5px\"><strong><span style=\"color: #379592;\">ANABELA CUST\u00d3DIO<\/span><\/strong><\/h2><p>Assistente Dent\u00e1ria<\/p>\t\t\t\t\t\t\t\t<\/div>\n\t\t\t\t<\/div>\n\t\t\t\t\t<\/div>\n\t\t<\/div>\n\t\t\t\t\t<\/div>\n\t\t<\/section>\n\t\t\t\t\t<\/div>\n\t\t<\/div>\n\t\t\t\t\t<\/div>\n\t\t<\/section>\n\t\t\t\t<\/div>\n\t\t","protected":false},"excerpt":{"rendered":"<p>DRA JULIANA LOSACCO Directora Cl\u00ednica Lic. em Medicina Dent\u00e1ria pela FMDUP P\u00f3s-Graduada em Ortodontia Membro Associa\u00e7\u00e3o Portuguesa de Harmoniza\u00e7\u00e3o e Terap\u00eautica Orofacial DR HUGO MOREIRA M\u00e9dico Dentista Lic. em Medicina Dent\u00e1ria pela FMDUP Mestre em Reabilita\u00e7\u00e3o Oral pela FMDUP DRA ADRIANA DOMINGUES M\u00e9dia Dentista Lic. em Medicina Dent\u00e1ria pela UFP VAL\u00c9RIA LOSACCO Gerente PAULA PATEIRA [&#8230;]<\/p>\n","protected":false},"author":1,"featured_media":0,"parent":0,"menu_order":0,"comment_status":"closed","ping_status":"closed","template":"","meta":{"inline_featured_image":false,"footnotes":""},"class_list":["post-106","page","type-page","status-publish","hentry"],"_links":{"self":[{"href":"https:\/\/dentave.pt\/index.php\/wp-json\/wp\/v2\/pages\/106","targetHints":{"allow":["GET"]}}],"collection":[{"href":"https:\/\/dentave.pt\/index.php\/wp-json\/wp\/v2\/pages"}],"about":[{"href":"https:\/\/dentave.pt\/index.php\/wp-json\/wp\/v2\/types\/page"}],"author":[{"embeddable":true,"href":"https:\/\/dentave.pt\/index.php\/wp-json\/wp\/v2\/users\/1"}],"replies":[{"embeddable":true,"href":"https:\/\/dentave.pt\/index.php\/wp-json\/wp\/v2\/comments?post=106"}],"version-history":[{"count":5,"href":"https:\/\/dentave.pt\/index.php\/wp-json\/wp\/v2\/pages\/106\/revisions"}],"predecessor-version":[{"id":504,"href":"https:\/\/dentave.pt\/index.php\/wp-json\/wp\/v2\/pages\/106\/revisions\/504"}],"wp:attachment":[{"href":"https:\/\/dentave.pt\/index.php\/wp-json\/wp\/v2\/media?parent=106"}],"curies":[{"name":"wp","href":"https:\/\/api.w.org\/{rel}","templated":true}]}}